{"id":1723,"date":"2023-06-09T12:50:03","date_gmt":"2023-06-09T10:50:03","guid":{"rendered":"https:\/\/gutsamen.eu\/product\/groch-konwencjonalny\/"},"modified":"2023-06-09T12:50:03","modified_gmt":"2023-06-09T10:50:03","slug":"groch-konwencjonalny","status":"publish","type":"product","link":"https:\/\/gutsamen.eu\/pl\/produkt\/groch-konwencjonalny\/","title":{"rendered":"Groch konwencjonalny"},"content":{"rendered":"<p>Konwencjonalny groch s\u0142ynie z wysokiej zawarto\u015bci bia\u0142ka, przewy\u017cszaj\u0105cej wiele innych opcji pasz ro\u015blinnych. Bia\u0142ko jest niezb\u0119dnym sk\u0142adnikiem od\u017cywczym dla zwierz\u0105t, przyczyniaj\u0105cym si\u0119 do rozwoju mi\u0119\u015bni, wzrostu i og\u00f3lnego stanu zdrowia. Dzi\u0119ki konwencjonalnemu grochowi jako g\u0142\u00f3wnemu sk\u0142adnikowi, dieta zwierz\u0105t mo\u017ce by\u0107 wzbogacona o ten niezb\u0119dny budulec, zapewniaj\u0105c solidny rozw\u00f3j fizyczny i zwi\u0119kszon\u0105 produktywno\u015b\u0107.<\/p>\n","protected":false},"excerpt":{"rendered":"<p><strong>Ceny s\u0105 ustalane indywidualnie! Po prostu skontaktuj si\u0119 z nami!<\/strong><\/p>\n","protected":false},"featured_media":0,"template":"","meta":[],"product_cat":[64],"product_tag":[],"class_list":["post-1723","product","type-product","status-publish","hentry","product_cat-ziarno-konwencjonalne","sales-flash-overlay","woocommerce-text-align-center","woocommerce-image-align-center","do-quantity-buttons"],"_links":{"self":[{"href":"https:\/\/gutsamen.eu\/pl\/wp-json\/wp\/v2\/product\/1723","targetHints":{"allow":["GET"]}}],"collection":[{"href":"https:\/\/gutsamen.eu\/pl\/wp-json\/wp\/v2\/product"}],"about":[{"href":"https:\/\/gutsamen.eu\/pl\/wp-json\/wp\/v2\/types\/product"}],"wp:attachment":[{"href":"https:\/\/gutsamen.eu\/pl\/wp-json\/wp\/v2\/media?parent=1723"}],"wp:term":[{"taxonomy":"product_cat","embeddable":true,"href":"https:\/\/gutsamen.eu\/pl\/wp-json\/wp\/v2\/product_cat?post=1723"},{"taxonomy":"product_tag","embeddable":true,"href":"https:\/\/gutsamen.eu\/pl\/wp-json\/wp\/v2\/product_tag?post=1723"}],"curies":[{"name":"wp","href":"https:\/\/api.w.org\/{rel}","templated":true}]}}