{"id":1722,"date":"2023-06-09T12:51:34","date_gmt":"2023-06-09T10:51:34","guid":{"rendered":"https:\/\/gutsamen.eu\/product\/groch-ekologiczny\/"},"modified":"2023-06-09T12:51:34","modified_gmt":"2023-06-09T10:51:34","slug":"groch-ekologiczny","status":"publish","type":"product","link":"https:\/\/gutsamen.eu\/pl\/produkt\/groch-ekologiczny\/","title":{"rendered":"Groch ekologiczny"},"content":{"rendered":"<p>Ekologiczny groch to niezwyk\u0142y rolniczy klejnot, kt\u00f3ry s\u0142u\u017cy jako wszechstronne i po\u017cywne \u017ar\u00f3d\u0142o paszy dla zwierz\u0105t, oferuj\u0105c jednocze\u015bnie ogromne korzy\u015bci dla konsumpcji. Te ma\u0142e zielone elektrownie s\u0105 uprawiane z najwy\u017csz\u0105 staranno\u015bci\u0105, wolne od szkodliwych chemikali\u00f3w, pestycyd\u00f3w i organizm\u00f3w modyfikowanych genetycznie, co czyni je idealnym wyborem zar\u00f3wno dla \u015bwiadomych ekologicznie rolnik\u00f3w, jak i mi\u0142o\u015bnik\u00f3w zwierz\u0105t.<\/p>\n","protected":false},"excerpt":{"rendered":"<p><strong>Ceny s\u0105 ustalane indywidualnie! Po prostu skontaktuj si\u0119 z nami!<\/strong><\/p>\n","protected":false},"featured_media":0,"template":"","meta":[],"product_cat":[65],"product_tag":[],"class_list":["post-1722","product","type-product","status-publish","hentry","product_cat-ziarno-ekologiczne","sales-flash-overlay","woocommerce-text-align-center","woocommerce-image-align-center","do-quantity-buttons"],"_links":{"self":[{"href":"https:\/\/gutsamen.eu\/pl\/wp-json\/wp\/v2\/product\/1722","targetHints":{"allow":["GET"]}}],"collection":[{"href":"https:\/\/gutsamen.eu\/pl\/wp-json\/wp\/v2\/product"}],"about":[{"href":"https:\/\/gutsamen.eu\/pl\/wp-json\/wp\/v2\/types\/product"}],"wp:attachment":[{"href":"https:\/\/gutsamen.eu\/pl\/wp-json\/wp\/v2\/media?parent=1722"}],"wp:term":[{"taxonomy":"product_cat","embeddable":true,"href":"https:\/\/gutsamen.eu\/pl\/wp-json\/wp\/v2\/product_cat?post=1722"},{"taxonomy":"product_tag","embeddable":true,"href":"https:\/\/gutsamen.eu\/pl\/wp-json\/wp\/v2\/product_tag?post=1722"}],"curies":[{"name":"wp","href":"https:\/\/api.w.org\/{rel}","templated":true}]}}