{"id":1719,"date":"2023-06-09T12:39:48","date_gmt":"2023-06-09T10:39:48","guid":{"rendered":"https:\/\/gutsamen.eu\/product\/gryka-ekologiczna\/"},"modified":"2023-06-09T12:39:48","modified_gmt":"2023-06-09T10:39:48","slug":"gryka-ekologiczna","status":"publish","type":"product","link":"https:\/\/gutsamen.eu\/pl\/produkt\/gryka-ekologiczna\/","title":{"rendered":"Gryka ekologiczna"},"content":{"rendered":"<p>Wybieraj\u0105c organiczn\u0105 gryk\u0119 jako pasz\u0119, zapewniasz swoim zwierz\u0119tom pe\u0142nowarto\u015bciowe i naturalne \u017ar\u00f3d\u0142o po\u017cywienia. Jego g\u0119sto\u015b\u0107 od\u017cywcza, strawno\u015b\u0107 i w\u0142a\u015bciwo\u015bci wolne od alergen\u00f3w sprawiaj\u0105, \u017ce jest to doskona\u0142y wyb\u00f3r do promowania og\u00f3lnego zdrowia i dobrego samopoczucia zwierz\u0105t. Organiczna gryka to doskona\u0142a opcja \u017cywieniowa, kt\u00f3ra stawia na pierwszym miejscu zdrowie zwierz\u0105t i zr\u00f3wnowa\u017cony rozw\u00f3j praktyk hodowli zwierz\u0105t.<\/p>\n","protected":false},"excerpt":{"rendered":"<p><strong>Ceny s\u0105 ustalane indywidualnie! Po prostu skontaktuj si\u0119 z nami!<\/strong><\/p>\n","protected":false},"featured_media":0,"template":"","meta":[],"product_cat":[65],"product_tag":[],"class_list":["post-1719","product","type-product","status-publish","hentry","product_cat-ziarno-ekologiczne","sales-flash-overlay","woocommerce-text-align-center","woocommerce-image-align-center","do-quantity-buttons"],"_links":{"self":[{"href":"https:\/\/gutsamen.eu\/pl\/wp-json\/wp\/v2\/product\/1719","targetHints":{"allow":["GET"]}}],"collection":[{"href":"https:\/\/gutsamen.eu\/pl\/wp-json\/wp\/v2\/product"}],"about":[{"href":"https:\/\/gutsamen.eu\/pl\/wp-json\/wp\/v2\/types\/product"}],"wp:attachment":[{"href":"https:\/\/gutsamen.eu\/pl\/wp-json\/wp\/v2\/media?parent=1719"}],"wp:term":[{"taxonomy":"product_cat","embeddable":true,"href":"https:\/\/gutsamen.eu\/pl\/wp-json\/wp\/v2\/product_cat?post=1719"},{"taxonomy":"product_tag","embeddable":true,"href":"https:\/\/gutsamen.eu\/pl\/wp-json\/wp\/v2\/product_tag?post=1719"}],"curies":[{"name":"wp","href":"https:\/\/api.w.org\/{rel}","templated":true}]}}