{"id":1718,"date":"2023-06-09T12:42:22","date_gmt":"2023-06-09T10:42:22","guid":{"rendered":"https:\/\/gutsamen.eu\/product\/gryka-konwencjonalna\/"},"modified":"2023-06-09T12:42:22","modified_gmt":"2023-06-09T10:42:22","slug":"gryka-konwencjonalna","status":"publish","type":"product","link":"https:\/\/gutsamen.eu\/pl\/produkt\/gryka-konwencjonalna\/","title":{"rendered":"Gryka konwencjonalna"},"content":{"rendered":"<p>Konwencjonalna gryka jest wyj\u0105tkowym wyborem na pasz\u0119 i do spo\u017cycia przez zwierz\u0119ta. Dzi\u0119ki niezwyk\u0142emu sk\u0142adowi od\u017cywczemu, korzy\u015bciom trawiennym i wszechstronno\u015bci kulinarnej, s\u0142usznie zas\u0142u\u017cy\u0142a na swoje miejsce jako super \u017cywno\u015b\u0107 dla zwierz\u0105t. Niezale\u017cnie od tego, czy chodzi o \u017cywienie zwierz\u0105t gospodarskich, drobiu czy ukochanych zwierz\u0105t domowych, te niezwyk\u0142e ziarna zapewniaj\u0105 naturalne i po\u017cywne rozwi\u0105zanie wspieraj\u0105ce ich zdrowie i witalno\u015b\u0107.<\/p>\n","protected":false},"excerpt":{"rendered":"<p><strong>Ceny s\u0105 ustalane indywidualnie! Po prostu skontaktuj si\u0119 z nami!<\/strong><\/p>\n","protected":false},"featured_media":0,"template":"","meta":[],"product_cat":[64],"product_tag":[],"class_list":["post-1718","product","type-product","status-publish","hentry","product_cat-ziarno-konwencjonalne","sales-flash-overlay","woocommerce-text-align-center","woocommerce-image-align-center","do-quantity-buttons"],"_links":{"self":[{"href":"https:\/\/gutsamen.eu\/pl\/wp-json\/wp\/v2\/product\/1718","targetHints":{"allow":["GET"]}}],"collection":[{"href":"https:\/\/gutsamen.eu\/pl\/wp-json\/wp\/v2\/product"}],"about":[{"href":"https:\/\/gutsamen.eu\/pl\/wp-json\/wp\/v2\/types\/product"}],"wp:attachment":[{"href":"https:\/\/gutsamen.eu\/pl\/wp-json\/wp\/v2\/media?parent=1718"}],"wp:term":[{"taxonomy":"product_cat","embeddable":true,"href":"https:\/\/gutsamen.eu\/pl\/wp-json\/wp\/v2\/product_cat?post=1718"},{"taxonomy":"product_tag","embeddable":true,"href":"https:\/\/gutsamen.eu\/pl\/wp-json\/wp\/v2\/product_tag?post=1718"}],"curies":[{"name":"wp","href":"https:\/\/api.w.org\/{rel}","templated":true}]}}