{"id":1715,"date":"2023-06-09T12:24:24","date_gmt":"2023-06-09T10:24:24","guid":{"rendered":"https:\/\/gutsamen.eu\/product\/lubin-konwencjonalny\/"},"modified":"2023-06-09T12:24:24","modified_gmt":"2023-06-09T10:24:24","slug":"lubin-konwencjonalny","status":"publish","type":"product","link":"https:\/\/gutsamen.eu\/pl\/produkt\/lubin-konwencjonalny\/","title":{"rendered":"\u0141ubin konwencjonalny"},"content":{"rendered":"<p>\u0141ubin konwencjonalny, jest doskona\u0142ym wyborem na pasz\u0119 i do spo\u017cycia przez zwierz\u0119ta. Ta ro\u015blina str\u0105czkowa oferuje wiele korzy\u015bci dla zwierz\u0105t ze wzgl\u0119du na wysok\u0105 zawarto\u015b\u0107 bia\u0142ka, co czyni j\u0105 cennym \u017ar\u00f3d\u0142em po\u017cywienia. Zwierz\u0119ta hodowlane, dr\u00f3b, a nawet zwierz\u0119ta domowe mog\u0105 czerpa\u0107 korzy\u015bci z w\u0142\u0105czenia \u0142ubinu konwencjonalnego do swojej diety.<\/p>\n","protected":false},"excerpt":{"rendered":"<p><strong>Ceny s\u0105 ustalane indywidualnie! Po prostu skontaktuj si\u0119 z nami!<\/strong><\/p>\n","protected":false},"featured_media":0,"template":"","meta":[],"product_cat":[64],"product_tag":[],"class_list":["post-1715","product","type-product","status-publish","hentry","product_cat-ziarno-konwencjonalne","sales-flash-overlay","woocommerce-text-align-center","woocommerce-image-align-center","do-quantity-buttons"],"_links":{"self":[{"href":"https:\/\/gutsamen.eu\/pl\/wp-json\/wp\/v2\/product\/1715","targetHints":{"allow":["GET"]}}],"collection":[{"href":"https:\/\/gutsamen.eu\/pl\/wp-json\/wp\/v2\/product"}],"about":[{"href":"https:\/\/gutsamen.eu\/pl\/wp-json\/wp\/v2\/types\/product"}],"wp:attachment":[{"href":"https:\/\/gutsamen.eu\/pl\/wp-json\/wp\/v2\/media?parent=1715"}],"wp:term":[{"taxonomy":"product_cat","embeddable":true,"href":"https:\/\/gutsamen.eu\/pl\/wp-json\/wp\/v2\/product_cat?post=1715"},{"taxonomy":"product_tag","embeddable":true,"href":"https:\/\/gutsamen.eu\/pl\/wp-json\/wp\/v2\/product_tag?post=1715"}],"curies":[{"name":"wp","href":"https:\/\/api.w.org\/{rel}","templated":true}]}}