{"id":1714,"date":"2023-06-09T12:31:28","date_gmt":"2023-06-09T10:31:28","guid":{"rendered":"https:\/\/gutsamen.eu\/product\/lubin-ekologiczny\/"},"modified":"2023-06-09T12:31:28","modified_gmt":"2023-06-09T10:31:28","slug":"lubin-ekologiczny","status":"publish","type":"product","link":"https:\/\/gutsamen.eu\/pl\/produkt\/lubin-ekologiczny\/","title":{"rendered":"\u0141ubin ekologiczny"},"content":{"rendered":"<p>Uprawiana w ramach praktyk rolnictwa ekologicznego, ta wszechstronna ro\u015blina str\u0105czkowa wykazuje niezwyk\u0142e korzy\u015bci jako opcja paszowa. Bogaty w wysokiej jako\u015bci bia\u0142ko, \u0141ubin Ekologiczny wspiera optymalny wzrost i rozw\u00f3j, dzi\u0119ki czemu jest idealnym wyborem dla zwierz\u0105t gospodarskich, drobiu, a nawet zwierz\u0105t domowych. Jego sk\u0142ad aminokwasowy wspomaga rozw\u00f3j mi\u0119\u015bni i pomaga w utrzymaniu zdrowego uk\u0142adu odporno\u015bciowego, poprawiaj\u0105c og\u00f3lny stan zdrowia zwierz\u0105t.<\/p>\n","protected":false},"excerpt":{"rendered":"<p><strong>Ceny s\u0105 ustalane indywidualnie! Po prostu skontaktuj si\u0119 z nami!<\/strong><\/p>\n","protected":false},"featured_media":0,"template":"","meta":[],"product_cat":[65],"product_tag":[],"class_list":["post-1714","product","type-product","status-publish","hentry","product_cat-ziarno-ekologiczne","sales-flash-overlay","woocommerce-text-align-center","woocommerce-image-align-center","do-quantity-buttons"],"_links":{"self":[{"href":"https:\/\/gutsamen.eu\/pl\/wp-json\/wp\/v2\/product\/1714","targetHints":{"allow":["GET"]}}],"collection":[{"href":"https:\/\/gutsamen.eu\/pl\/wp-json\/wp\/v2\/product"}],"about":[{"href":"https:\/\/gutsamen.eu\/pl\/wp-json\/wp\/v2\/types\/product"}],"wp:attachment":[{"href":"https:\/\/gutsamen.eu\/pl\/wp-json\/wp\/v2\/media?parent=1714"}],"wp:term":[{"taxonomy":"product_cat","embeddable":true,"href":"https:\/\/gutsamen.eu\/pl\/wp-json\/wp\/v2\/product_cat?post=1714"},{"taxonomy":"product_tag","embeddable":true,"href":"https:\/\/gutsamen.eu\/pl\/wp-json\/wp\/v2\/product_tag?post=1714"}],"curies":[{"name":"wp","href":"https:\/\/api.w.org\/{rel}","templated":true}]}}