{"id":1425,"date":"2023-05-23T13:15:09","date_gmt":"2023-05-23T11:15:09","guid":{"rendered":"https:\/\/gutsamen.eu\/product\/konwencjonalny-owies\/"},"modified":"2023-06-08T18:54:31","modified_gmt":"2023-06-08T16:54:31","slug":"owies-konwencjonalny","status":"publish","type":"product","link":"https:\/\/gutsamen.eu\/pl\/produkt\/owies-konwencjonalny\/","title":{"rendered":"Owies konwencjonalny"},"content":{"rendered":"<p>Przedstawiamy nasz wysokiej jako\u015bci konwencjonalny owies dla zwierz\u0105t i produkcji pasz, zdrow\u0105 i po\u017cywn\u0105 opcj\u0119 wspieraj\u0105c\u0105 zdrowie i witalno\u015b\u0107 zwierz\u0105t gospodarskich i domowych. Pozyskiwany z zaufanych gospodarstw z najwy\u017csz\u0105 staranno\u015bci\u0105, owies ten jest idealnym wyborem dla rolnik\u00f3w, hodowc\u00f3w i w\u0142a\u015bcicieli zwierz\u0105t domowych, kt\u00f3rzy priorytetowo traktuj\u0105 wysokiej jako\u015bci \u017cywienie swoich zwierz\u0105t.<\/p>\n","protected":false},"excerpt":{"rendered":"<p><strong>Ceny s\u0105 ustalane indywidualnie! Po prostu skontaktuj si\u0119 z nami!<\/strong><\/p>\n","protected":false},"featured_media":1807,"template":"","meta":[],"product_cat":[64],"product_tag":[],"class_list":["post-1425","product","type-product","status-publish","has-post-thumbnail","hentry","product_cat-ziarno-konwencjonalne","sales-flash-overlay","woocommerce-text-align-center","woocommerce-image-align-center","do-quantity-buttons"],"_links":{"self":[{"href":"https:\/\/gutsamen.eu\/pl\/wp-json\/wp\/v2\/product\/1425","targetHints":{"allow":["GET"]}}],"collection":[{"href":"https:\/\/gutsamen.eu\/pl\/wp-json\/wp\/v2\/product"}],"about":[{"href":"https:\/\/gutsamen.eu\/pl\/wp-json\/wp\/v2\/types\/product"}],"wp:featuredmedia":[{"embeddable":true,"href":"https:\/\/gutsamen.eu\/pl\/wp-json\/wp\/v2\/media\/1807"}],"wp:attachment":[{"href":"https:\/\/gutsamen.eu\/pl\/wp-json\/wp\/v2\/media?parent=1425"}],"wp:term":[{"taxonomy":"product_cat","embeddable":true,"href":"https:\/\/gutsamen.eu\/pl\/wp-json\/wp\/v2\/product_cat?post=1425"},{"taxonomy":"product_tag","embeddable":true,"href":"https:\/\/gutsamen.eu\/pl\/wp-json\/wp\/v2\/product_tag?post=1425"}],"curies":[{"name":"wp","href":"https:\/\/api.w.org\/{rel}","templated":true}]}}