{"id":1424,"date":"2023-05-23T13:38:26","date_gmt":"2023-05-23T11:38:26","guid":{"rendered":"https:\/\/gutsamen.eu\/product\/pszenica-organiczna\/"},"modified":"2023-06-08T18:51:29","modified_gmt":"2023-06-08T16:51:29","slug":"pszenica-organiczna","status":"publish","type":"product","link":"https:\/\/gutsamen.eu\/pl\/produkt\/pszenica-organiczna\/","title":{"rendered":"Pszenica ekologiczna"},"content":{"rendered":"<p>Nasza pszenica organiczna to najwy\u017cszej jako\u015bci produkt rolny, opracowany specjalnie w celu zaspokojenia potrzeb \u017cywieniowych zwierz\u0105t i s\u0142u\u017c\u0105cy jako wyj\u0105tkowa pasza dla zwierz\u0105t gospodarskich. Uprawiana przy u\u017cyciu zr\u00f3wnowa\u017conych i przyjaznych dla \u015brodowiska praktyk, ta wysokiej jako\u015bci pszenica zapewnia zdrowie i witalno\u015b\u0107 zwierz\u0105t, kt\u00f3re j\u0105 spo\u017cywaj\u0105.<\/p>\n","protected":false},"excerpt":{"rendered":"<p><strong>Ceny s\u0105 ustalane indywidualnie! Po prostu skontaktuj si\u0119 z nami!<\/strong><\/p>\n","protected":false},"featured_media":1810,"template":"","meta":[],"product_cat":[65],"product_tag":[],"class_list":["post-1424","product","type-product","status-publish","has-post-thumbnail","hentry","product_cat-ziarno-ekologiczne","sales-flash-overlay","woocommerce-text-align-center","woocommerce-image-align-center","do-quantity-buttons"],"_links":{"self":[{"href":"https:\/\/gutsamen.eu\/pl\/wp-json\/wp\/v2\/product\/1424","targetHints":{"allow":["GET"]}}],"collection":[{"href":"https:\/\/gutsamen.eu\/pl\/wp-json\/wp\/v2\/product"}],"about":[{"href":"https:\/\/gutsamen.eu\/pl\/wp-json\/wp\/v2\/types\/product"}],"wp:featuredmedia":[{"embeddable":true,"href":"https:\/\/gutsamen.eu\/pl\/wp-json\/wp\/v2\/media\/1810"}],"wp:attachment":[{"href":"https:\/\/gutsamen.eu\/pl\/wp-json\/wp\/v2\/media?parent=1424"}],"wp:term":[{"taxonomy":"product_cat","embeddable":true,"href":"https:\/\/gutsamen.eu\/pl\/wp-json\/wp\/v2\/product_cat?post=1424"},{"taxonomy":"product_tag","embeddable":true,"href":"https:\/\/gutsamen.eu\/pl\/wp-json\/wp\/v2\/product_tag?post=1424"}],"curies":[{"name":"wp","href":"https:\/\/api.w.org\/{rel}","templated":true}]}}