{"id":1423,"date":"2023-05-26T09:01:31","date_gmt":"2023-05-26T07:01:31","guid":{"rendered":"https:\/\/gutsamen.eu\/product\/zyto-konwencjonalne\/"},"modified":"2023-06-08T18:36:41","modified_gmt":"2023-06-08T16:36:41","slug":"konwencjonalny-ryz","status":"publish","type":"product","link":"https:\/\/gutsamen.eu\/pl\/produkt\/konwencjonalny-ryz\/","title":{"rendered":"\u017byto konwencjonalne"},"content":{"rendered":"<p>Nasze wysokiej jako\u015bci konwencjonalne \u017cyto dla zwierz\u0105t i produkcji pasz to doskona\u0142y wyb\u00f3r do od\u017cywiania i utrzymania zwierz\u0105t gospodarskich i domowych. Nasze skrupulatnie pozyskiwane \u017cyto oferuje po\u017cywn\u0105 i zbilansowan\u0105 pasz\u0119, kt\u00f3ra promuje optymalne zdrowie i wydajno\u015b\u0107 zwierz\u0105t.<\/p>\n","protected":false},"excerpt":{"rendered":"<p><strong>Ceny s\u0105 ustalane indywidualnie! Po prostu skontaktuj si\u0119 z nami!<\/strong><\/p>\n","protected":false},"featured_media":0,"template":"","meta":[],"product_cat":[64],"product_tag":[],"class_list":["post-1423","product","type-product","status-publish","hentry","product_cat-ziarno-konwencjonalne","sales-flash-overlay","woocommerce-text-align-center","woocommerce-image-align-center","do-quantity-buttons"],"_links":{"self":[{"href":"https:\/\/gutsamen.eu\/pl\/wp-json\/wp\/v2\/product\/1423","targetHints":{"allow":["GET"]}}],"collection":[{"href":"https:\/\/gutsamen.eu\/pl\/wp-json\/wp\/v2\/product"}],"about":[{"href":"https:\/\/gutsamen.eu\/pl\/wp-json\/wp\/v2\/types\/product"}],"wp:attachment":[{"href":"https:\/\/gutsamen.eu\/pl\/wp-json\/wp\/v2\/media?parent=1423"}],"wp:term":[{"taxonomy":"product_cat","embeddable":true,"href":"https:\/\/gutsamen.eu\/pl\/wp-json\/wp\/v2\/product_cat?post=1423"},{"taxonomy":"product_tag","embeddable":true,"href":"https:\/\/gutsamen.eu\/pl\/wp-json\/wp\/v2\/product_tag?post=1423"}],"curies":[{"name":"wp","href":"https:\/\/api.w.org\/{rel}","templated":true}]}}