{"id":1422,"date":"2023-05-26T09:36:02","date_gmt":"2023-05-26T07:36:02","guid":{"rendered":"https:\/\/gutsamen.eu\/product\/konwencjonalne-pszenzyto\/"},"modified":"2023-06-08T18:53:59","modified_gmt":"2023-06-08T16:53:59","slug":"pszenzyto-konwencjonalne","status":"publish","type":"product","link":"https:\/\/gutsamen.eu\/pl\/produkt\/pszenzyto-konwencjonalne\/","title":{"rendered":"Pszen\u017cyto konwencjonalne"},"content":{"rendered":"<p>Nasze pszen\u017cyto konwencjonalne dla zwierz\u0105t i produkcji pasz to niezawodne i po\u017cywne ziarno dla zwierz\u0105t hodowlanych. Starannie wyselekcjonowane pszen\u017cyto zapewnia niezb\u0119dne sk\u0142adniki od\u017cywcze dla zdrowia i dobrego samopoczucia zwierz\u0105t.<\/p>\n","protected":false},"excerpt":{"rendered":"<p><strong>Ceny s\u0105 ustalane indywidualnie! Po prostu skontaktuj si\u0119 z nami!<\/strong><\/p>\n","protected":false},"featured_media":1801,"template":"","meta":[],"product_cat":[64],"product_tag":[],"class_list":["post-1422","product","type-product","status-publish","has-post-thumbnail","hentry","product_cat-ziarno-konwencjonalne","sales-flash-overlay","woocommerce-text-align-center","woocommerce-image-align-center","do-quantity-buttons"],"_links":{"self":[{"href":"https:\/\/gutsamen.eu\/pl\/wp-json\/wp\/v2\/product\/1422","targetHints":{"allow":["GET"]}}],"collection":[{"href":"https:\/\/gutsamen.eu\/pl\/wp-json\/wp\/v2\/product"}],"about":[{"href":"https:\/\/gutsamen.eu\/pl\/wp-json\/wp\/v2\/types\/product"}],"wp:featuredmedia":[{"embeddable":true,"href":"https:\/\/gutsamen.eu\/pl\/wp-json\/wp\/v2\/media\/1801"}],"wp:attachment":[{"href":"https:\/\/gutsamen.eu\/pl\/wp-json\/wp\/v2\/media?parent=1422"}],"wp:term":[{"taxonomy":"product_cat","embeddable":true,"href":"https:\/\/gutsamen.eu\/pl\/wp-json\/wp\/v2\/product_cat?post=1422"},{"taxonomy":"product_tag","embeddable":true,"href":"https:\/\/gutsamen.eu\/pl\/wp-json\/wp\/v2\/product_tag?post=1422"}],"curies":[{"name":"wp","href":"https:\/\/api.w.org\/{rel}","templated":true}]}}