{"id":1421,"date":"2023-05-26T11:21:31","date_gmt":"2023-05-26T09:21:31","guid":{"rendered":"https:\/\/gutsamen.eu\/product\/konwencjonalny-jeczmien\/"},"modified":"2023-06-08T18:53:32","modified_gmt":"2023-06-08T16:53:32","slug":"jeczmien-konwencjonalny","status":"publish","type":"product","link":"https:\/\/gutsamen.eu\/pl\/produkt\/jeczmien-konwencjonalny\/","title":{"rendered":"J\u0119czmie\u0144 konwencjonalny"},"content":{"rendered":"<p>Konwencjonalny j\u0119czmie\u0144 dla zwierz\u0105t i produkcji pasz. Ten niezwyk\u0142y wyb\u00f3r ziaren zosta\u0142 starannie opracowany, aby zapewni\u0107 niezr\u00f3wnane od\u017cywianie i wsparcie dla cennego inwentarza \u017cywego. Przygotuj si\u0119 na to, \u017ce ich zdrowie i wydajno\u015b\u0107 osi\u0105gn\u0105 nowy poziom dzi\u0119ki naszemu wyj\u0105tkowemu j\u0119czmieniowi.<\/p>\n","protected":false},"excerpt":{"rendered":"<p><strong>Ceny s\u0105 ustalane indywidualnie! Po prostu skontaktuj si\u0119 z nami!<\/strong><\/p>\n","protected":false},"featured_media":1804,"template":"","meta":[],"product_cat":[64],"product_tag":[],"class_list":["post-1421","product","type-product","status-publish","has-post-thumbnail","hentry","product_cat-ziarno-konwencjonalne","sales-flash-overlay","woocommerce-text-align-center","woocommerce-image-align-center","do-quantity-buttons"],"_links":{"self":[{"href":"https:\/\/gutsamen.eu\/pl\/wp-json\/wp\/v2\/product\/1421","targetHints":{"allow":["GET"]}}],"collection":[{"href":"https:\/\/gutsamen.eu\/pl\/wp-json\/wp\/v2\/product"}],"about":[{"href":"https:\/\/gutsamen.eu\/pl\/wp-json\/wp\/v2\/types\/product"}],"wp:featuredmedia":[{"embeddable":true,"href":"https:\/\/gutsamen.eu\/pl\/wp-json\/wp\/v2\/media\/1804"}],"wp:attachment":[{"href":"https:\/\/gutsamen.eu\/pl\/wp-json\/wp\/v2\/media?parent=1421"}],"wp:term":[{"taxonomy":"product_cat","embeddable":true,"href":"https:\/\/gutsamen.eu\/pl\/wp-json\/wp\/v2\/product_cat?post=1421"},{"taxonomy":"product_tag","embeddable":true,"href":"https:\/\/gutsamen.eu\/pl\/wp-json\/wp\/v2\/product_tag?post=1421"}],"curies":[{"name":"wp","href":"https:\/\/api.w.org\/{rel}","templated":true}]}}