{"id":1420,"date":"2023-05-26T11:29:25","date_gmt":"2023-05-26T09:29:25","guid":{"rendered":"https:\/\/gutsamen.eu\/product\/organiczny-jeczmien\/"},"modified":"2023-06-08T18:50:43","modified_gmt":"2023-06-08T16:50:43","slug":"organiczny-jeczmien","status":"publish","type":"product","link":"https:\/\/gutsamen.eu\/pl\/produkt\/organiczny-jeczmien\/","title":{"rendered":"J\u0119czmie\u0144 ekologiczny"},"content":{"rendered":"<p>Nasz organiczny j\u0119czmie\u0144 dla zwierz\u0105t i produkcji pasz to doskona\u0142y wyb\u00f3r dla os\u00f3b poszukuj\u0105cych naturalnych i zr\u00f3wnowa\u017conych zb\u00f3\u017c. Pochodz\u0105cy z gospodarstw ekologicznych j\u0119czmie\u0144 jest starannie uprawiany bez u\u017cycia syntetycznych pestycyd\u00f3w, GMO i sztucznych dodatk\u00f3w. Zapewnij swoim zwierz\u0119tom hodowlanym i domowym to, co najlepsze dzi\u0119ki naszemu organicznemu j\u0119czmieniowi.<\/p>\n","protected":false},"excerpt":{"rendered":"<p><strong>Ceny s\u0105 ustalane indywidualnie! Po prostu skontaktuj si\u0119 z nami!<\/strong><\/p>\n","protected":false},"featured_media":1804,"template":"","meta":[],"product_cat":[65],"product_tag":[],"class_list":["post-1420","product","type-product","status-publish","has-post-thumbnail","hentry","product_cat-ziarno-ekologiczne","sales-flash-overlay","woocommerce-text-align-center","woocommerce-image-align-center","do-quantity-buttons"],"_links":{"self":[{"href":"https:\/\/gutsamen.eu\/pl\/wp-json\/wp\/v2\/product\/1420","targetHints":{"allow":["GET"]}}],"collection":[{"href":"https:\/\/gutsamen.eu\/pl\/wp-json\/wp\/v2\/product"}],"about":[{"href":"https:\/\/gutsamen.eu\/pl\/wp-json\/wp\/v2\/types\/product"}],"wp:featuredmedia":[{"embeddable":true,"href":"https:\/\/gutsamen.eu\/pl\/wp-json\/wp\/v2\/media\/1804"}],"wp:attachment":[{"href":"https:\/\/gutsamen.eu\/pl\/wp-json\/wp\/v2\/media?parent=1420"}],"wp:term":[{"taxonomy":"product_cat","embeddable":true,"href":"https:\/\/gutsamen.eu\/pl\/wp-json\/wp\/v2\/product_cat?post=1420"},{"taxonomy":"product_tag","embeddable":true,"href":"https:\/\/gutsamen.eu\/pl\/wp-json\/wp\/v2\/product_tag?post=1420"}],"curies":[{"name":"wp","href":"https:\/\/api.w.org\/{rel}","templated":true}]}}