{"id":1419,"date":"2023-05-26T11:32:50","date_gmt":"2023-05-26T09:32:50","guid":{"rendered":"https:\/\/gutsamen.eu\/product\/organiczne-pszenzyto\/"},"modified":"2023-06-08T18:50:26","modified_gmt":"2023-06-08T16:50:26","slug":"pszenzyto-organiczne","status":"publish","type":"product","link":"https:\/\/gutsamen.eu\/pl\/produkt\/pszenzyto-organiczne\/","title":{"rendered":"Pszen\u017cyto ekologiczne"},"content":{"rendered":"<p>Ekologiczne pszen\u017cyto dla zwierz\u0105t i produkcji pasz to dobra opcja dla os\u00f3b poszukuj\u0105cych ekologicznego i zr\u00f3wnowa\u017conego \u017cywienia. Uprawiane z trosk\u0105 w gospodarstwach ekologicznych, nasze certyfikowane pszen\u017cyto jest uprawiane bez u\u017cycia jakichkolwiek sztucznych dodatk\u00f3w. Nasze ekologiczne pszen\u017cyto zapewnia zwierz\u0119tom hodowlanym najwy\u017csz\u0105 jako\u015b\u0107 paszy.<\/p>\n","protected":false},"excerpt":{"rendered":"<p><strong>Ceny s\u0105 ustalane indywidualnie! Po prostu skontaktuj si\u0119 z nami!<\/strong><\/p>\n","protected":false},"featured_media":1801,"template":"","meta":[],"product_cat":[65],"product_tag":[],"class_list":["post-1419","product","type-product","status-publish","has-post-thumbnail","hentry","product_cat-ziarno-ekologiczne","sales-flash-overlay","woocommerce-text-align-center","woocommerce-image-align-center","do-quantity-buttons"],"_links":{"self":[{"href":"https:\/\/gutsamen.eu\/pl\/wp-json\/wp\/v2\/product\/1419","targetHints":{"allow":["GET"]}}],"collection":[{"href":"https:\/\/gutsamen.eu\/pl\/wp-json\/wp\/v2\/product"}],"about":[{"href":"https:\/\/gutsamen.eu\/pl\/wp-json\/wp\/v2\/types\/product"}],"wp:featuredmedia":[{"embeddable":true,"href":"https:\/\/gutsamen.eu\/pl\/wp-json\/wp\/v2\/media\/1801"}],"wp:attachment":[{"href":"https:\/\/gutsamen.eu\/pl\/wp-json\/wp\/v2\/media?parent=1419"}],"wp:term":[{"taxonomy":"product_cat","embeddable":true,"href":"https:\/\/gutsamen.eu\/pl\/wp-json\/wp\/v2\/product_cat?post=1419"},{"taxonomy":"product_tag","embeddable":true,"href":"https:\/\/gutsamen.eu\/pl\/wp-json\/wp\/v2\/product_tag?post=1419"}],"curies":[{"name":"wp","href":"https:\/\/api.w.org\/{rel}","templated":true}]}}