{"id":1418,"date":"2023-05-26T11:35:41","date_gmt":"2023-05-26T09:35:41","guid":{"rendered":"https:\/\/gutsamen.eu\/product\/organiczne-zyto\/"},"modified":"2023-06-08T18:49:30","modified_gmt":"2023-06-08T16:49:30","slug":"zyto-organiczne","status":"publish","type":"product","link":"https:\/\/gutsamen.eu\/pl\/produkt\/zyto-organiczne\/","title":{"rendered":"\u017byto ekologiczne"},"content":{"rendered":"<p>Przekonaj si\u0119 o wyj\u0105tkowej jako\u015bci naszego organicznego \u017cyta, starannie uprawianego, dok\u0142adnie sprawdzonego i certyfikowanego w celu zapewnienia najwy\u017cszej warto\u015bci od\u017cywczej dla gospodarstw rolnych, zwierz\u0105t i produkcji pasz. Nasze \u017cyto pochodzi z certyfikowanych gospodarstw ekologicznych i jest uprawiane bez u\u017cycia syntetycznych pestycyd\u00f3w, GMO i sztucznych dodatk\u00f3w. Podnie\u015b dobrostan swojego inwentarza \u017cywego i zwi\u0119ksz produkcj\u0119 paszy dzi\u0119ki naszemu organicznemu \u017cytu.<\/p>\n","protected":false},"excerpt":{"rendered":"<p><strong>Ceny s\u0105 ustalane indywidualnie! Po prostu skontaktuj si\u0119 z nami!<\/strong><\/p>\n","protected":false},"featured_media":0,"template":"","meta":[],"product_cat":[65],"product_tag":[],"class_list":["post-1418","product","type-product","status-publish","hentry","product_cat-ziarno-ekologiczne","sales-flash-overlay","woocommerce-text-align-center","woocommerce-image-align-center","do-quantity-buttons"],"_links":{"self":[{"href":"https:\/\/gutsamen.eu\/pl\/wp-json\/wp\/v2\/product\/1418","targetHints":{"allow":["GET"]}}],"collection":[{"href":"https:\/\/gutsamen.eu\/pl\/wp-json\/wp\/v2\/product"}],"about":[{"href":"https:\/\/gutsamen.eu\/pl\/wp-json\/wp\/v2\/types\/product"}],"wp:attachment":[{"href":"https:\/\/gutsamen.eu\/pl\/wp-json\/wp\/v2\/media?parent=1418"}],"wp:term":[{"taxonomy":"product_cat","embeddable":true,"href":"https:\/\/gutsamen.eu\/pl\/wp-json\/wp\/v2\/product_cat?post=1418"},{"taxonomy":"product_tag","embeddable":true,"href":"https:\/\/gutsamen.eu\/pl\/wp-json\/wp\/v2\/product_tag?post=1418"}],"curies":[{"name":"wp","href":"https:\/\/api.w.org\/{rel}","templated":true}]}}