{"id":1417,"date":"2023-05-26T11:24:28","date_gmt":"2023-05-26T09:24:28","guid":{"rendered":"https:\/\/gutsamen.eu\/produkt\/pszenica-konwencjonalna\/"},"modified":"2023-06-08T18:36:07","modified_gmt":"2023-06-08T16:36:07","slug":"pszenica-konwencjonalna","status":"publish","type":"product","link":"https:\/\/gutsamen.eu\/pl\/produkt\/pszenica-konwencjonalna\/","title":{"rendered":"Pszenica konwencjonalna"},"content":{"rendered":"<p>Konwencjonalna pszenica dla zwierz\u0105t i produkcji pasz to pe\u0142nowarto\u015bciowe i niezb\u0119dne ziarno, kt\u00f3re dba o zdrowie i witalno\u015b\u0107 zwierz\u0105t hodowlanych. Nasza pszenica dostarcza niezb\u0119dnych sk\u0142adnik\u00f3w od\u017cywczych potrzebnych do optymalnego wzrostu i wydajno\u015bci.<\/p>\n","protected":false},"excerpt":{"rendered":"<p><strong>Ceny s\u0105 ustalane indywidualnie! Po prostu skontaktuj si\u0119 z nami!<\/strong><\/p>\n","protected":false},"featured_media":1810,"template":"","meta":[],"product_cat":[64],"product_tag":[],"class_list":["post-1417","product","type-product","status-publish","has-post-thumbnail","hentry","product_cat-ziarno-konwencjonalne","sales-flash-overlay","woocommerce-text-align-center","woocommerce-image-align-center","do-quantity-buttons"],"_links":{"self":[{"href":"https:\/\/gutsamen.eu\/pl\/wp-json\/wp\/v2\/product\/1417","targetHints":{"allow":["GET"]}}],"collection":[{"href":"https:\/\/gutsamen.eu\/pl\/wp-json\/wp\/v2\/product"}],"about":[{"href":"https:\/\/gutsamen.eu\/pl\/wp-json\/wp\/v2\/types\/product"}],"wp:featuredmedia":[{"embeddable":true,"href":"https:\/\/gutsamen.eu\/pl\/wp-json\/wp\/v2\/media\/1810"}],"wp:attachment":[{"href":"https:\/\/gutsamen.eu\/pl\/wp-json\/wp\/v2\/media?parent=1417"}],"wp:term":[{"taxonomy":"product_cat","embeddable":true,"href":"https:\/\/gutsamen.eu\/pl\/wp-json\/wp\/v2\/product_cat?post=1417"},{"taxonomy":"product_tag","embeddable":true,"href":"https:\/\/gutsamen.eu\/pl\/wp-json\/wp\/v2\/product_tag?post=1417"}],"curies":[{"name":"wp","href":"https:\/\/api.w.org\/{rel}","templated":true}]}}