{"id":1416,"date":"2023-05-26T11:38:04","date_gmt":"2023-05-26T09:38:04","guid":{"rendered":"https:\/\/gutsamen.eu\/produkt\/owies-organiczny\/"},"modified":"2023-06-08T18:51:56","modified_gmt":"2023-06-08T16:51:56","slug":"owies-organiczny","status":"publish","type":"product","link":"https:\/\/gutsamen.eu\/pl\/produkt\/owies-organiczny\/","title":{"rendered":"Owies ekologiczny"},"content":{"rendered":"<p>Owies organiczny, idealny wyb\u00f3r dla gospodarstw rolnych, pasz dla zwierz\u0105t i produkcji pasz. Uprawiany z najwy\u017csz\u0105 staranno\u015bci\u0105 i piel\u0119gnowany przez natur\u0119, nasz owies jest uosobieniem jako\u015bci i zr\u00f3wnowa\u017conego rozwoju. Pochodz\u0105cy z certyfikowanych gospodarstw ekologicznych owies jest uprawiany bez u\u017cycia szkodliwych pestycyd\u00f3w i nawoz\u00f3w sztucznych. Gwarantuje to, \u017ce ka\u017cde ziarno jest wolne od pozosta\u0142o\u015bci chemicznych, co czyni je bezpiecznym i zdrowym wyborem dla zwierz\u0105t i inwentarza \u017cywego. Dzi\u0119ki bogatemu profilowi od\u017cywczemu nasz organiczny owies zapewnia zr\u00f3wnowa\u017con\u0105 i od\u017cywcz\u0105 diet\u0119 dla zwierz\u0105t.<\/p>\n","protected":false},"excerpt":{"rendered":"<p><strong>Ceny s\u0105 ustalane indywidualnie! Po prostu skontaktuj si\u0119 z nami!<\/strong><\/p>\n","protected":false},"featured_media":1807,"template":"","meta":[],"product_cat":[65],"product_tag":[],"class_list":["post-1416","product","type-product","status-publish","has-post-thumbnail","hentry","product_cat-ziarno-ekologiczne","sales-flash-overlay","woocommerce-text-align-center","woocommerce-image-align-center","do-quantity-buttons"],"_links":{"self":[{"href":"https:\/\/gutsamen.eu\/pl\/wp-json\/wp\/v2\/product\/1416","targetHints":{"allow":["GET"]}}],"collection":[{"href":"https:\/\/gutsamen.eu\/pl\/wp-json\/wp\/v2\/product"}],"about":[{"href":"https:\/\/gutsamen.eu\/pl\/wp-json\/wp\/v2\/types\/product"}],"wp:featuredmedia":[{"embeddable":true,"href":"https:\/\/gutsamen.eu\/pl\/wp-json\/wp\/v2\/media\/1807"}],"wp:attachment":[{"href":"https:\/\/gutsamen.eu\/pl\/wp-json\/wp\/v2\/media?parent=1416"}],"wp:term":[{"taxonomy":"product_cat","embeddable":true,"href":"https:\/\/gutsamen.eu\/pl\/wp-json\/wp\/v2\/product_cat?post=1416"},{"taxonomy":"product_tag","embeddable":true,"href":"https:\/\/gutsamen.eu\/pl\/wp-json\/wp\/v2\/product_tag?post=1416"}],"curies":[{"name":"wp","href":"https:\/\/api.w.org\/{rel}","templated":true}]}}