{"id":1633,"date":"2021-05-30T14:08:16","date_gmt":"2021-05-30T12:08:16","guid":{"rendered":"https:\/\/gutsamen.eu\/polityka-prywatnosci\/"},"modified":"2023-06-10T18:13:10","modified_gmt":"2023-06-10T16:13:10","slug":"polityka-prywatnosci","status":"publish","type":"page","link":"https:\/\/gutsamen.eu\/pl\/polityka-prywatnosci\/","title":{"rendered":"Polityka prywatno\u015bci"},"content":{"rendered":"\n<h2 class=\"wp-block-heading\">Kim jeste\u015bmy<\/h2>\n\n\n\n<p>Gut Samen dzia\u0142a na rozleg\u0142ym rynku rolnym, obejmuj\u0105cym r\u00f3\u017cne aspekty. Jako firma handlowa specjalizujemy si\u0119 w dystrybucji zar\u00f3wno konwencjonalnych, jak i organicznych zb\u00f3\u017c. Nasze dzia\u0142ania obejmuj\u0105 \u015bcis\u0142\u0105 wsp\u00f3\u0142prac\u0119 z r\u00f3\u017cnymi interesariuszami, w tym drobnymi rolnikami, hodowcami zb\u00f3\u017c, producentami mieszanek paszowych, m\u0142ynami i firmami handlowymi w ca\u0142ej Polsce i Europie. Dzi\u0119ki rozbudowanej sieci firm transportowych sprawnie obs\u0142ugujemy logistyk\u0119. Ponadto oferujemy bezpo\u015bredni dost\u0119p do naszych zapas\u00f3w w wielu lokalizacjach. Adres naszej strony internetowej to:<a href=\"https:\/\/gutsamen.eu\/pl\/\">[https:\/\/gutsamen.eu\/]<\/a>.<\/p>\n\n\n\n<h2 class=\"wp-block-heading\">Jakie dane osobowe gromadzimy i dlaczego je gromadzimy<\/h2>\n\n\n\n<ol class=\"wp-block-list\">\n<li>Administratorem odpowiedzialnym za przetwarzanie danych osobowych jest Leszek Wal\u0119ciuk, prowadz\u0105cy dzia\u0142alno\u015b\u0107 gospodarcz\u0105 pod firm\u0105 LESZEK WAL\u0118CIUK GUT SAMEN. Ludwin 77, 21-075 Ludwin, NIP: 8261749511, REGON: 367414102, tel. +48 663 718 326, e-mail: <a href=\"mailto:gutsamen2@gmail.com\">gutsamen2@gmail.com.<\/a><br><br><\/li>\n\n\n\n<li>Dane osobowe b\u0119d\u0105 przetwarzane w celu dostarczania informacji handlowych drog\u0105 elektroniczn\u0105.<br><br><\/li>\n\n\n\n<li>Podstaw\u0105 prawn\u0105 przetwarzania danych jest art. 6 ust. 1 lit. a) RODO. a og\u00f3lnego rozporz\u0105dzenia o ochronie danych.<br><br><\/li>\n\n\n\n<li>Podanie danych osobowych jest dobrowolne. Podanie informacji niezb\u0119dnych do otrzymywania informacji handlowych jest jednak obowi\u0105zkowe.<br><br><\/li>\n\n\n\n<li>Dane osobowe b\u0119d\u0105 przechowywane do momentu wycofania zgody.<br><br><\/li>\n\n\n\n<li>Osoba udzielaj\u0105ca zgody zachowuje prawo do wycofania zgody w dowolnym momencie, bez wp\u0142ywu na zgodno\u015b\u0107 z prawem przetwarzania dokonanego przed jej wycofaniem.<br><br><\/li>\n\n\n\n<li>Przetwarzanie danych osobowych u\u017cytkownika nie obejmuje zautomatyzowanego podejmowania decyzji ani profilowania.<br><br><\/li>\n\n\n\n<li>Zebrane dane nie b\u0119d\u0105 ujawniane stronom trzecim, zgodnie z art. 4 pkt 10 og\u00f3lnego rozporz\u0105dzenia o ochronie danych.<br><br><\/li>\n\n\n\n<li>Zgodnie z przepisami o ochronie danych osobowych u\u017cytkownik ma prawo dost\u0119pu do swoich danych, ich sprostowania, usuni\u0119cia lub ograniczenia przetwarzania. Ponadto u\u017cytkownik ma prawo do wniesienia sprzeciwu wobec przetwarzania oraz prawo do przenoszenia danych. W przypadku uznania, \u017ce przetwarzanie danych osobowych narusza przepisy o ochronie danych osobowych, przys\u0142uguje prawo do wniesienia skargi do w\u0142a\u015bciwego organu nadzorczego, tj. Prezesa Urz\u0119du Ochrony Danych Osobowych.<\/li>\n<\/ol>\n\n\n\n<h3 class=\"wp-block-heading\">Formularze kontaktowe<\/h3>\n\n\n\n<ol class=\"wp-block-list\">\n<li>Formularz kontaktowy umo\u017cliwia osobom zainteresowanym otrzymywanie informacji handlowych od LESZEK WAL\u0118CIUK GUT SAMEN z siedzib\u0105 w Ludwin 77, 21-075 Ludwin NIP: 8261749511, REGON: 367414102, tel. +48 663 718 326, e-mail: <a href=\"mailto:gutsamen2@gmail.com\">gutsamen2@gmail.com.<\/a> Pola wymagane w formularzu s\u0105 oznaczone gwiazdk\u0105. Chocia\u017c podanie poni\u017cszych informacji i wyra\u017cenie zgody jest dobrowolne, niepodanie danych i niewyra\u017cenie wszystkich zg\u00f3d uniemo\u017cliwi nam skontaktowanie si\u0119 z u\u017cytkownikiem.<br><br><\/li>\n\n\n\n<li>Przesy\u0142aj\u0105c ten formularz, potwierdzam, \u017ce dobrowolnie poda\u0142em swoje dane osobowe, w tym imi\u0119, nazwisko, adres e-mail i numer telefonu. Przed wyra\u017ceniem zgody zapozna\u0142em si\u0119 z niezb\u0119dnymi informacjami wymaganymi na mocy art. 13 og\u00f3lnego rozporz\u0105dzenia o ochronie danych. Rozumiem, \u017ce mam prawo wycofa\u0107 swoj\u0105 zgod\u0119 w dowolnym momencie, bez wp\u0142ywu na zgodno\u015b\u0107 z prawem przetwarzania, kt\u00f3re mia\u0142o miejsce przed jej wycofaniem. Wycofanie zgody spowoduje usuni\u0119cie moich danych osobowych z ewidencji firmy LESZEK WAL\u0118CIUK GUT SAMEN.<br><br><\/li>\n\n\n\n<li>Wyra\u017cam zgod\u0119 na przetwarzanie przez firm\u0119 LESZEK WAL\u0118CIUK GUT SAMEN moich danych osobowych, w tym imienia, nazwiska, adresu e-mail oraz numeru telefonu, jako administratora danych, w celu marketingu produkt\u00f3w i us\u0142ug firmy, zgodnie z obowi\u0105zuj\u0105cymi przepisami o ochronie danych osobowych.<br><br><\/li>\n\n\n\n<li>W celu u\u0142atwienia komunikacji wyra\u017cam zgod\u0119 na otrzymywanie informacji handlowych drog\u0105 elektroniczn\u0105 na podany adres e-mail od firmy LESZEK WAL\u0118CIUK GUT SAMEN.<br><br><\/li>\n\n\n\n<li>Dodatkowo dla cel\u00f3w marketingu bezpo\u015bredniego wyra\u017cam zgod\u0119 na wykorzystywanie moich urz\u0105dze\u0144 telekomunikacyjnych przez wy\u017cej wymienion\u0105 firm\u0119 LESZEK WAL\u0118CIUK GUT SAMEN, kt\u00f3rej jestem u\u017cytkownikiem.<\/li>\n<\/ol>\n","protected":false},"excerpt":{"rendered":"<p>Kim jeste\u015bmy Gut Samen dzia\u0142a na rozleg\u0142ym rynku rolnym, obejmuj\u0105cym r\u00f3\u017cne aspekty. Jako firma handlowa specjalizujemy si\u0119 w dystrybucji zar\u00f3wno konwencjonalnych, jak i organicznych zb\u00f3\u017c. Nasze dzia\u0142ania obejmuj\u0105 \u015bcis\u0142\u0105 wsp\u00f3\u0142prac\u0119 z r\u00f3\u017cnymi interesariuszami, w tym drobnymi rolnikami, hodowcami zb\u00f3\u017c, producentami mieszanek paszowych, m\u0142ynami i firmami handlowymi w ca\u0142ej Polsce i Europie. Dzi\u0119ki rozbudowanej sieci firm &#8230; <a title=\"Polityka prywatno\u015bci\" class=\"read-more\" href=\"https:\/\/gutsamen.eu\/pl\/polityka-prywatnosci\/\" aria-label=\"More on Polityka prywatno\u015bci\">Czytaj dalej<\/a><\/p>\n","protected":false},"author":1,"featured_media":0,"parent":0,"menu_order":0,"comment_status":"closed","ping_status":"open","template":"","meta":{"footnotes":""},"class_list":["post-1633","page","type-page","status-publish"],"_links":{"self":[{"href":"https:\/\/gutsamen.eu\/pl\/wp-json\/wp\/v2\/pages\/1633","targetHints":{"allow":["GET"]}}],"collection":[{"href":"https:\/\/gutsamen.eu\/pl\/wp-json\/wp\/v2\/pages"}],"about":[{"href":"https:\/\/gutsamen.eu\/pl\/wp-json\/wp\/v2\/types\/page"}],"author":[{"embeddable":true,"href":"https:\/\/gutsamen.eu\/pl\/wp-json\/wp\/v2\/users\/1"}],"replies":[{"embeddable":true,"href":"https:\/\/gutsamen.eu\/pl\/wp-json\/wp\/v2\/comments?post=1633"}],"version-history":[{"count":6,"href":"https:\/\/gutsamen.eu\/pl\/wp-json\/wp\/v2\/pages\/1633\/revisions"}],"predecessor-version":[{"id":1752,"href":"https:\/\/gutsamen.eu\/pl\/wp-json\/wp\/v2\/pages\/1633\/revisions\/1752"}],"wp:attachment":[{"href":"https:\/\/gutsamen.eu\/pl\/wp-json\/wp\/v2\/media?parent=1633"}],"curies":[{"name":"wp","href":"https:\/\/api.w.org\/{rel}","templated":true}]}}