{"id":1630,"date":"2023-05-25T18:40:26","date_gmt":"2023-05-25T16:40:26","guid":{"rendered":"https:\/\/gutsamen.eu\/faq\/"},"modified":"2023-06-09T11:58:04","modified_gmt":"2023-06-09T09:58:04","slug":"faq","status":"publish","type":"page","link":"https:\/\/gutsamen.eu\/pl\/faq\/","title":{"rendered":"FAQ"},"content":{"rendered":"\n<h2 class=\"wp-block-heading\">Jaki jest cel tej strony internetowej?<\/h2>\n\n\n\n<p>Ta strona internetowa s\u0142u\u017cy jako platforma informacyjna dla Gut Samen, hurtowni produkt\u00f3w zbo\u017cowych. Jego celem jest zapoznanie potencjalnych partner\u00f3w biznesowych z nasz\u0105 firm\u0105 i gam\u0105 oferowanych przez nas produkt\u00f3w. Ponadto zapewnia klientom przegl\u0105d naszych aktualnych zapas\u00f3w i u\u0142atwia nawi\u0105zywanie dobrych relacji.<\/p>\n\n\n\n<h2 class=\"wp-block-heading\">Jak mog\u0119 przegl\u0105da\u0107 zapasy produkt\u00f3w zbo\u017cowych?<\/h2>\n\n\n\n<p>Aby przejrze\u0107 nasz\u0105 ofert\u0119 produkt\u00f3w zbo\u017cowych, wystarczy przej\u015b\u0107 do odpowiedniej sekcji na naszej stronie internetowej. Tutaj znajdziesz pe\u0142n\u0105 list\u0119 naszych aktualnych zapas\u00f3w. Prosz\u0119 zauwa\u017cy\u0107, \u017ce nie podano cen, poniewa\u017c s\u0105 one obliczane indywidualnie. Wzi\u0119te pod uwag\u0119 s\u0105 takie czynniki jak aktualny rynek zb\u00f3\u017c, ilo\u015b\u0107 oraz lokalizacja dostawy.<\/p>\n\n\n\n<h2 class=\"wp-block-heading\">Jak mog\u0119 z\u0142o\u017cy\u0107 zam\u00f3wienie?<\/h2>\n\n\n\n<p>Je\u015bli chcesz z nami wsp\u00f3\u0142pracowa\u0107 i z\u0142o\u017cy\u0107 zam\u00f3wienie, mo\u017cesz to zrobi\u0107, kontaktuj\u0105c si\u0119 z nami bezpo\u015brednio. Oferujemy mo\u017cliwo\u015b\u0107 zam\u00f3wienia jednej ci\u0119\u017car\u00f3wki, co odpowiada 25 tonom wybranego produktu zbo\u017cowego. Skontaktuj si\u0119 z nami za po\u015brednictwem formularza kontaktowego na naszej stronie internetowej, poczty elektronicznej, telefonu lub medi\u00f3w spo\u0142eczno\u015bciowych. Przygotujemy odpowiedni\u0105 wycen\u0119 w sam raz dla Ciebie!<\/p>\n","protected":false},"excerpt":{"rendered":"<p>Jaki jest cel tej strony internetowej? Ta strona internetowa s\u0142u\u017cy jako platforma informacyjna dla Gut Samen, hurtowni produkt\u00f3w zbo\u017cowych. Jego celem jest zapoznanie potencjalnych partner\u00f3w biznesowych z nasz\u0105 firm\u0105 i gam\u0105 oferowanych przez nas produkt\u00f3w. Ponadto zapewnia klientom przegl\u0105d naszych aktualnych zapas\u00f3w i u\u0142atwia nawi\u0105zywanie dobrych relacji. Jak mog\u0119 przegl\u0105da\u0107 zapasy produkt\u00f3w zbo\u017cowych? Aby przejrze\u0107 &#8230; <a title=\"FAQ\" class=\"read-more\" href=\"https:\/\/gutsamen.eu\/pl\/faq\/\" aria-label=\"More on FAQ\">Czytaj dalej<\/a><\/p>\n","protected":false},"author":1,"featured_media":0,"parent":0,"menu_order":0,"comment_status":"closed","ping_status":"closed","template":"","meta":{"footnotes":""},"class_list":["post-1630","page","type-page","status-publish"],"_links":{"self":[{"href":"https:\/\/gutsamen.eu\/pl\/wp-json\/wp\/v2\/pages\/1630","targetHints":{"allow":["GET"]}}],"collection":[{"href":"https:\/\/gutsamen.eu\/pl\/wp-json\/wp\/v2\/pages"}],"about":[{"href":"https:\/\/gutsamen.eu\/pl\/wp-json\/wp\/v2\/types\/page"}],"author":[{"embeddable":true,"href":"https:\/\/gutsamen.eu\/pl\/wp-json\/wp\/v2\/users\/1"}],"replies":[{"embeddable":true,"href":"https:\/\/gutsamen.eu\/pl\/wp-json\/wp\/v2\/comments?post=1630"}],"version-history":[{"count":3,"href":"https:\/\/gutsamen.eu\/pl\/wp-json\/wp\/v2\/pages\/1630\/revisions"}],"predecessor-version":[{"id":1701,"href":"https:\/\/gutsamen.eu\/pl\/wp-json\/wp\/v2\/pages\/1630\/revisions\/1701"}],"wp:attachment":[{"href":"https:\/\/gutsamen.eu\/pl\/wp-json\/wp\/v2\/media?parent=1630"}],"curies":[{"name":"wp","href":"https:\/\/api.w.org\/{rel}","templated":true}]}}