{"id":1361,"date":"2021-05-30T14:08:16","date_gmt":"2021-05-30T12:08:16","guid":{"rendered":"https:\/\/gutsamen.eu\/strona-glowna\/"},"modified":"2023-07-25T15:24:40","modified_gmt":"2023-07-25T13:24:40","slug":"strona-glowna","status":"publish","type":"page","link":"https:\/\/gutsamen.eu\/pl\/","title":{"rendered":"Strona g\u0142\u00f3wna"},"content":{"rendered":"\n<div class=\"bannerrolnicy\">\n    <h2 class=\"banner-heading\">Prowadzimy Skup Ziarna od Rolnik\u00f3w z Ca\u0142ej Polski!<\/h2>\n    <p class=\"banner-description\">Polski Kapita\u0142 | Prowadzimy Skup Ca\u0142orocznie | Szybkie Terminy P\u0142atno\u015bci<\/p>\n<\/div>\n\n<style>\n    .bannerrolnicy {\n        background: linear-gradient(to right, #FFD700, #FFA500);\n        box-shadow: 0px 2px 10px rgba(0, 0, 0, 0.2);\n        padding: 20px;\n        text-align: center;\n    }\n\n    .banner-heading {\n        font-family: Arial, sans-serif;\n        font-size: 30px;\n        color: #FFFFFF;\n        text-shadow: 2px 2px 4px rgba(0, 0, 0, 0.3);\n    }\n\n    .banner-description {\n        font-family: Arial, sans-serif;\n        font-size: 18px;\n        color: #FFFFFF;\n        text-shadow: 1px 1px 2px rgba(0, 0, 0, 0.3);\n    }\n<\/style>\n\n\n<section class=\"gb-container gb-container-a8df523c\">\n<div class=\"gb-grid-wrapper gb-grid-wrapper-82cee00b\">\n<div class=\"gb-grid-column gb-grid-column-b036343b\"><div class=\"gb-container gb-container-b036343b\">\n\n<h2 class=\"gb-headline gb-headline-1b0c8b9f gb-headline-text\">m\u0142yny<\/h2>\n\n<div class=\"gb-shapes\"><div class=\"gb-shape gb-shape-1\"><svg xmlns=\"http:\/\/www.w3.org\/2000\/svg\" viewBox=\"0 0 1200 218\" preserveAspectRatio=\"none\"><path d=\"M0 218h1200v-31.3l-40 4.4c-40 4.8-120 13.1-200 0-80-13.6-160-48.6-240-66.7-80-17.8-160-17.8-240-8.8-80 8.6-160 26.9-240 8.8-80-17.7-160-71.1-200-97.7L0 0v218z\"\/><\/svg><\/div><\/div><\/div><\/div>\n\n<div class=\"gb-grid-column gb-grid-column-ddea1dbb\"><div class=\"gb-container gb-container-ddea1dbb\">\n\n<h2 class=\"gb-headline gb-headline-6e9415d6 gb-headline-text\" id=\"grain-trade-cooperate-with-us\">paszarnie<\/h2>\n\n<\/div><\/div>\n\n<div class=\"gb-grid-column gb-grid-column-017eda34\"><div class=\"gb-container gb-container-017eda34\">\n\n<h2 class=\"gb-headline gb-headline-366241e2 gb-headline-text\"><a href=\"#\">farmy<\/a><\/h2>\n\n<div class=\"gb-shapes\"><div class=\"gb-shape gb-shape-1\"><svg xmlns=\"http:\/\/www.w3.org\/2000\/svg\" viewBox=\"0 0 1200 218\" preserveAspectRatio=\"none\"><path d=\"M0 218h1200v-31.3l-40 4.4c-40 4.8-120 13.1-200 0-80-13.6-160-48.6-240-66.7-80-17.8-160-17.8-240-8.8-80 8.6-160 26.9-240 8.8-80-17.7-160-71.1-200-97.7L0 0v218z\"\/><\/svg><\/div><\/div><\/div><\/div>\n<\/div>\n\n\n<p><br>Zapraszamy do wsp\u00f3\u0142pracy przedstawicieli wszystkich dziedzin zwi\u0105zanych z produkcj\u0105 zwierz\u0119c\u0105, w tym produkcj\u0105 pasz opartych na naturalnych sk\u0142adnikach. Ch\u0119tnie podejmiemy wsp\u00f3\u0142prac\u0119 z rolnikami, gospodarstwami rolnymi oraz ma\u0142ymi gospodarstwami. Zapraszamy bran\u017ce zwi\u0105zane ze zwierz\u0119tami, kt\u00f3re s\u0105 zainteresowani wsp\u00f3\u0142prac\u0105 z GutSamen. Nasza firma spe\u0142nia wszystkie wymagane normy europejskie, w tym posiada certyfikat <strong>GMP+ B3 (dla handlu mi\u0119dzynarodowego)<\/strong>.<\/p>\n\n<\/section>\n\n<section class=\"gb-container gb-container-1fd5d1b5\">\n<div class=\"gb-container gb-container-48a718c2\">\n\n<h2 class=\"gb-headline gb-headline-057bc2de gb-headline-text\">NASZE <strong>WYR\u00d3\u017bNIONE<\/strong> PRODUKTY<\/h2>\n\n\n<div data-block-name=\"woocommerce\/handpicked-products\" data-content-visibility=\"{&quot;image&quot;:true,&quot;title&quot;:true,&quot;price&quot;:true,&quot;rating&quot;:false,&quot;button&quot;:false}\" data-products=\"[1420,1425,1419]\" class=\"wc-block-grid wp-block-handpicked-products wc-block-handpicked-products has-3-columns has-multiple-rows\"><ul class=\"wc-block-grid__products\"><li class=\"wc-block-grid__product\">\n\t\t\t\t<a href=\"https:\/\/gutsamen.eu\/pl\/produkt\/pszenzyto-organiczne\/\" class=\"wc-block-grid__product-link\">\n\t\t\t\t\t<div class=\"wc-block-grid__product-image\"><img decoding=\"async\" width=\"350\" height=\"263\" src=\"https:\/\/gutsamen.eu\/wp-content\/uploads\/2023\/05\/Triticale-sales-350x263.png\" class=\"attachment-woocommerce_thumbnail size-woocommerce_thumbnail\" alt=\"organic triticale for sale, organic triticale sales, conventional triticale sales, triticale conventional\" \/><\/div>\n\t\t\t\t\t<div class=\"wc-block-grid__product-title\">Pszen\u017cyto ekologiczne<\/div>\n\t\t\t\t<\/a>\n\t\t\t\t\n\t\t\t\t<div class=\"wc-block-grid__product-price price\"><\/div>\n\t\t\t\t\n\t\t\t\t\n\t\t\t<\/li><li class=\"wc-block-grid__product\">\n\t\t\t\t<a href=\"https:\/\/gutsamen.eu\/pl\/produkt\/organiczny-jeczmien\/\" class=\"wc-block-grid__product-link\">\n\t\t\t\t\t<div class=\"wc-block-grid__product-image\"><img decoding=\"async\" width=\"350\" height=\"263\" src=\"https:\/\/gutsamen.eu\/wp-content\/uploads\/2023\/05\/Barley-Sales-350x263.png\" class=\"attachment-woocommerce_thumbnail size-woocommerce_thumbnail\" alt=\"Conventional Barley, Organic Barley, Barley for sale, Barley Sales\" \/><\/div>\n\t\t\t\t\t<div class=\"wc-block-grid__product-title\">J\u0119czmie\u0144 ekologiczny<\/div>\n\t\t\t\t<\/a>\n\t\t\t\t\n\t\t\t\t<div class=\"wc-block-grid__product-price price\"><\/div>\n\t\t\t\t\n\t\t\t\t\n\t\t\t<\/li><li class=\"wc-block-grid__product\">\n\t\t\t\t<a href=\"https:\/\/gutsamen.eu\/pl\/produkt\/owies-konwencjonalny\/\" class=\"wc-block-grid__product-link\">\n\t\t\t\t\t<div class=\"wc-block-grid__product-image\"><img decoding=\"async\" width=\"350\" height=\"263\" src=\"https:\/\/gutsamen.eu\/wp-content\/uploads\/2023\/05\/Oats-350x263.jpg\" class=\"attachment-woocommerce_thumbnail size-woocommerce_thumbnail\" alt=\"Organic Oats for Sale, Conventional Oats Sales, Buy Organic Oats, Buy Conventional Oats\" \/><\/div>\n\t\t\t\t\t<div class=\"wc-block-grid__product-title\">Owies konwencjonalny<\/div>\n\t\t\t\t<\/a>\n\t\t\t\t\n\t\t\t\t<div class=\"wc-block-grid__product-price price\"><\/div>\n\t\t\t\t\n\t\t\t\t\n\t\t\t<\/li><\/ul><\/div>\n<\/div>\n<\/section>\n\n<section class=\"gb-container gb-container-a9ea7acb\">\n<div class=\"gb-container gb-container-5f6499f0\">\n\n<figure class=\"gb-block-image gb-block-image-d9d718fc\"><img decoding=\"async\" width=\"640\" height=\"960\" class=\"gb-image gb-image-d9d718fc\" src=\"http:\/\/gutsamen.eu\/wp-content\/uploads\/2022\/09\/marcel-strauss-ocAo7MwGfHY-unsplash.jpg\" alt=\"\" title=\"marcel-strauss-ocAo7MwGfHY-unsplash\" srcset=\"https:\/\/gutsamen.eu\/wp-content\/uploads\/2022\/09\/marcel-strauss-ocAo7MwGfHY-unsplash.jpg 640w, https:\/\/gutsamen.eu\/wp-content\/uploads\/2022\/09\/marcel-strauss-ocAo7MwGfHY-unsplash-600x900.jpg 600w, https:\/\/gutsamen.eu\/wp-content\/uploads\/2022\/09\/marcel-strauss-ocAo7MwGfHY-unsplash-200x300.jpg 200w\" sizes=\"(max-width: 640px) 100vw, 640px\" \/><\/figure>\n\n<\/div>\n\n<div class=\"gb-container gb-container-1b85615a\">\n\n<h2 class=\"gb-headline gb-headline-c1b26d9a gb-headline-text\">Pytania? Jeste\u015bmy tutaj, aby pom\u00f3c!<\/h2>\n\n\n\n<p><\/p>\n\n\n\n<p><strong>Czy przestrzegasz wszystkich przepis\u00f3w UE w procesie dostaw ziarna?<\/strong><\/p>\n\n\n\n<p>Tak, dostarczamy nasze najwy\u017cszej jako\u015bci ziarno do kraj\u00f3w takich jak Holandia, Dania, Niemcy i nie tylko. Firma Gut Samen posiada specjalny certyfikat transportu zbo\u017ca GMP + B4 i dla handlu UE GMP + B3.<\/p>\n\n\n\n<p id=\"grain-logistics-and-transport\"><strong>Jakie formy transportu oferujecie?<\/strong><\/p>\n\n\n\n<p>Ci\u0119\u017car\u00f3wka, gdzie maksymalna ilo\u015b\u0107 wynosi 25 ton.<\/p>\n\n\n\n<p id=\"minimum-grain-order\"><strong>Jakie jest minimalne zam\u00f3wienie, kt\u00f3re mog\u0119 z\u0142o\u017cy\u0107?<\/strong><\/p>\n\n\n\n<p>Poniewa\u017c dzia\u0142amy w sektorze hurtowej sprzeda\u017cy zbo\u017ca, minimalne zam\u00f3wienie wynosi 25 ton, co stanowi jedn\u0105 ci\u0119\u017car\u00f3wk\u0119.<\/p>\n\n\n\n<p><strong>Jak mog\u0119 zapyta\u0107 o cen\u0119?<\/strong><\/p>\n\n\n\n<p>Skontaktuj si\u0119 z nami telefonicznie, mailem lub skorzystaj z formularza kontaktowego na dole. Zapytaj nas o produkty, kt\u00f3re Ci\u0119 interesuj\u0105, a my przygotujemy odpowiedni\u0105 wycen\u0119 na podstawie aktualnego rynku zb\u00f3\u017c, ilo\u015bci oraz miejsca dostawy. Zapewniamy transport i ubezpieczenie do kraj\u00f3w w Europie, takich jak Holandia, Dania, Belgia i Niemcy.<\/p>\n\n\n\n<p><strong>Czy mog\u0119 zorganizowa\u0107 w\u0142asny transport i odebra\u0107 zam\u00f3wienie?<\/strong><\/p>\n\n\n\n<p>Tak, mo\u017cliwe jest uzgodnienie miejsca odbioru towar\u00f3w w Polsce. W tym celu skorzystaj z poni\u017cszego formularza kontaktowego.<\/p>\n\n\n\n<p><strong>Czy podczas \u0142adowania ziarna przeprowadzane s\u0105 jakie\u015b kontrole?<\/strong><\/p>\n\n\n\n<p>Dw\u00f3ch pracownik\u00f3w dok\u0142adnie sprawdza proces za\u0142adunku ci\u0119\u017car\u00f3wki. Dzi\u0119ki temu nigdy nie mieli\u015bmy \u017cadnych zwrot\u00f3w.<\/p>\n\n\n\n<a class=\"gb-button gb-button-4c00028e gb-button-text smooth-scroll\" href=\"#grain-sales-contact\">przejd\u017a do kontaktu<\/a>\n\n<\/div>\n<\/section>\n\n<section class=\"gb-container gb-container-7c05667d\">\n<div class=\"gb-container gb-container-356cd05b\">\n\n<h2 class=\"gb-headline gb-headline-8db0c693 gb-headline-text\">Mo\u017cna nam zaufa\u0107!<\/h2>\n\n\n\n<p><\/p>\n\n\n\n<p>Firma GUT SAMEN jest zarejestrowana w Polsce, a jej pe\u0142na nazwa brzmi LESZEK WAL\u0118CIUK GUT SAMEN. Firma jest zarejestrowana w publicznym rejestrze zaufanych firm CEIDG i posiada europejski NUMER VAT. Wi\u0119cej szczeg\u00f3\u0142\u00f3w mo\u017cna znale\u017a\u0107 w publicznych katalogach aktywnych polskich firm, <a href=\"https:\/\/www.owg.pl\/ceidg\/leszek_waleciuk_gut_samen_9,74,826174,8261749511\" target=\"_blank\" rel=\"noreferrer noopener\">kliknij ten link, aby otworzy\u0107 przyk\u0142adowy<\/a> katalog.<br><br>Firma dzia\u0142a w obszarze hurtowego handlu zbo\u017cem i zbo\u017cem paszowym lub produkcji pasz dla zwierz\u0105t. GUT SAMEN jest obecny na rynku europejskim od ponad 5 lat.<br><br><\/p>\n\n\n\n<p>Rozw\u00f3j GUT SAMEN w bran\u017cy zbo\u017cowej jest nie do zatrzymania, poniewa\u017c chcemy si\u0119 rozwija\u0107 i dostarcza\u0107 coraz lepszej jako\u015bci surowce oraz zwi\u0119ksza\u0107 liczb\u0119 naszych partner\u00f3w biznesowych.<\/p>\n\n\n<div class=\"gb-container gb-container-9dc93ae9\">\n<div class=\"gb-container gb-container-daae57e9\">\n\n<h2 class=\"gb-headline gb-headline-0fbb7300 gb-headline-text\">Wi\u0119cej<\/h2>\n\n\n\n<p class=\"gb-headline gb-headline-6e815adf gb-headline-text\">Ni\u017c 5 lat do\u015bwiadczenia<\/p>\n\n<\/div>\n\n<div class=\"gb-container gb-container-5e14415e\">\n\n<h3 class=\"gb-headline gb-headline-122403af gb-headline-text\">Ci\u0105g\u0142y rozw\u00f3j<\/h3>\n\n\n\n<p class=\"gb-headline gb-headline-d59ec6b4 gb-headline-text\">Wzrost jako\u015bci<\/p>\n\n\n<div class=\"gb-container gb-container-3097dc4b\">\n<div class=\"gb-container gb-container-929f7e0f\"><\/div>\n\n<div class=\"gb-container gb-container-998361de\"><\/div>\n<\/div>\n\n\n<p class=\"gb-headline gb-headline-114303d5 gb-headline-text\">Coraz wi\u0119cej dostaw  <\/p>\n\n\n<div class=\"gb-container gb-container-bd6f3582\">\n<div class=\"gb-container gb-container-5dc7d42c\"><\/div>\n\n<div class=\"gb-container gb-container-fa94ab6a\"><\/div>\n<\/div>\n<\/div>\n<\/div>\n\n\n<p><\/p>\n\n\n\n<p>Zapewniamy zr\u00f3\u017cnicowany wyb\u00f3r surowc\u00f3w i produkt\u00f3w przeznaczonych g\u0142\u00f3wnie do \u017cywienia zwierz\u0105t. Nasza kompleksowa oferta skierowana jest do szerokiego grona klient\u00f3w, w tym gospodarstw rolnych, zak\u0142ad\u00f3w przetw\u00f3rstwa pasz, gospodarstw drobiarskich i hodowlanych, a tak\u017ce m\u0142yn\u00f3w zbo\u017cowych.<\/p>\n\n\n\n<h3 class=\"gb-headline gb-headline-3986d542\"><span class=\"gb-icon\"><svg xmlns=\"http:\/\/www.w3.org\/2000\/svg\" viewBox=\"0 0 330 330\"><path d=\"M323.816 120.301a139.264 139.264 0 0 1-5.355 10.096c-3.936 6.729-8.492 13.277-13.633 19.604a169.743 169.743 0 0 1-5.141 6.025 184.314 184.314 0 0 1-11.898 12.148 179.8 179.8 0 0 1-14.044 11.827h25.417c-5.871 52.865-42.387 96.617-91.337 113.034 2.342-5.065 4.608-10.766 6.762-17.225 8.707-26.121 13.987-59.557 15.163-95.434l-.497-.376c-6.362-4.806-16.939-13.575-27.555-25.82a168.236 168.236 0 0 1-3.5-4.18h-67.939c1.109-32.775 5.844-63.002 13.617-86.323C152.356 38.232 161.77 30 165 30c1.611 0 4.764 2.051 8.572 7.269a84.129 84.129 0 0 1 3.145-6.739 84.71 84.71 0 0 1 13.824-19.323 85.16 85.16 0 0 1 8.346-7.664C187.718 1.203 176.319 0 165 0 74.021 0 .002 74.019 0 165c0 90.981 74.019 165 165 165 90.981-.001 165-74.02 165-165 0-14.919-2.123-30.112-6.184-44.699zM122.175 36.966c-2.341 5.065-4.608 10.766-6.761 17.224-8.736 26.212-14.02 59.791-15.172 95.81H30.838c5.873-52.866 42.389-96.618 91.337-113.034zM30.838 180h69.404c1.152 36.019 6.435 69.597 15.172 95.809 2.152 6.459 4.42 12.16 6.762 17.225C73.225 276.619 36.709 232.866 30.838 180zm155.289 86.322C177.645 291.768 168.23 300 165 300c-3.23 0-12.644-8.232-21.125-33.678-7.773-23.321-12.508-53.547-13.617-86.322h69.486c-1.109 32.775-5.844 63.001-13.617 86.322z\"><\/path><path d=\"M229.32 139.962A156.57 156.57 0 0 0 239.871 150c6.79 5.884 11.633 9.051 11.633 9.051s4.844-3.172 11.629-9.051a158.364 158.364 0 0 0 4.206-3.776c7.583-7.064 16.598-16.864 23.992-28.922 4.08-6.653 7.658-13.999 10.236-21.95 2.62-8.081 4.211-16.785 4.211-26.043 0-29.974-24.295-54.283-54.274-54.283-5.307 0-10.43.776-15.278 2.196-11.478 3.363-21.38 10.406-28.333 19.778l-.031.045a54.038 54.038 0 0 0-10.632 32.263c0 30.451 17.089 54.985 32.09 70.654zm22.184-84.936c8.285 0 15 6.717 15 15 0 8.285-6.715 15-15 15-8.283 0-15.001-6.715-15.001-15 0-8.283 6.718-15 15.001-15z\"><\/path><\/svg><\/span><span class=\"gb-headline-text\">Lokalne produkty<\/span><\/h3>\n\n\n\n<p>\u015aci\u015ble wsp\u00f3\u0142pracujemy z rolnikami konwencjonalnymi i ekologicznymi z Polski. Ekologiczna produkcja zb\u00f3\u017c jest nadzorowana przez odpowiednie organy. Mo\u017cesz poprosi\u0107 nas o okazanie dokumentu potwierdzaj\u0105cego wysokiej jako\u015bci produkt ekologiczny od jednego z wielu zaufanych rolnik\u00f3w, z kt\u00f3rymi wsp\u00f3\u0142pracujemy.<\/p>\n\n\n\n<a class=\"gb-button gb-button-c3d950b1 gb-button-text smooth-scroll\" href=\"#grain-sales-contact\">PRZEJD\u0179 DO KONTAKTU<\/a>\n\n<\/div>\n\n<div class=\"gb-container gb-container-5526236b\">\n\n<figure class=\"gb-block-image gb-block-image-56587432\"><img decoding=\"async\" width=\"700\" height=\"502\" class=\"gb-image gb-image-56587432\" src=\"https:\/\/gutsamen.eu\/wp-content\/uploads\/2023\/05\/gut-samen-high-quality-grain.png\" alt=\"ziarno wysokiej jako\u015bci, ziarno na pasz\u0119\" title=\"gut-samen-high-quality-grain\" srcset=\"https:\/\/gutsamen.eu\/wp-content\/uploads\/2023\/05\/gut-samen-high-quality-grain.png 700w, https:\/\/gutsamen.eu\/wp-content\/uploads\/2023\/05\/gut-samen-high-quality-grain-300x215.png 300w, https:\/\/gutsamen.eu\/wp-content\/uploads\/2023\/05\/gut-samen-high-quality-grain-600x430.png 600w\" sizes=\"(max-width: 700px) 100vw, 700px\" \/><\/figure>\n\n\n\n<figure class=\"gb-block-image gb-block-image-85d8f980\"><img decoding=\"async\" width=\"1653\" height=\"2337\" class=\"gb-image gb-image-85d8f980\" src=\"https:\/\/gutsamen.eu\/wp-content\/uploads\/2023\/05\/Certificate-GMPB3-Gut-Samen.png\" alt=\"\" title=\"Certificate GMP+B3 - Gut Samen\" srcset=\"https:\/\/gutsamen.eu\/wp-content\/uploads\/2023\/05\/Certificate-GMPB3-Gut-Samen.png 1653w, https:\/\/gutsamen.eu\/wp-content\/uploads\/2023\/05\/Certificate-GMPB3-Gut-Samen-212x300.png 212w, https:\/\/gutsamen.eu\/wp-content\/uploads\/2023\/05\/Certificate-GMPB3-Gut-Samen-724x1024.png 724w, https:\/\/gutsamen.eu\/wp-content\/uploads\/2023\/05\/Certificate-GMPB3-Gut-Samen-768x1086.png 768w, https:\/\/gutsamen.eu\/wp-content\/uploads\/2023\/05\/Certificate-GMPB3-Gut-Samen-1086x1536.png 1086w, https:\/\/gutsamen.eu\/wp-content\/uploads\/2023\/05\/Certificate-GMPB3-Gut-Samen-1449x2048.png 1449w, https:\/\/gutsamen.eu\/wp-content\/uploads\/2023\/05\/Certificate-GMPB3-Gut-Samen-600x848.png 600w\" sizes=\"(max-width: 1653px) 100vw, 1653px\" \/>\n<figcaption class=\"gb-headline gb-headline-2bedb7d8 gb-headline-text\"><em>GMP + B3 (certyfikacja dla handlu mi\u0119dzynarodowego)<\/em><\/figcaption>\n<\/figure>\n\n<\/div>\n<\/section>","protected":false},"excerpt":{"rendered":"<p>Prowadzimy Skup Ziarna od Rolnik\u00f3w z Ca\u0142ej Polski! Polski Kapita\u0142 | Prowadzimy Skup Ca\u0142orocznie | Szybkie Terminy P\u0142atno\u015bci Zapraszamy do wsp\u00f3\u0142pracy przedstawicieli wszystkich dziedzin zwi\u0105zanych z produkcj\u0105 zwierz\u0119c\u0105, w tym produkcj\u0105 pasz opartych na naturalnych sk\u0142adnikach. Ch\u0119tnie podejmiemy wsp\u00f3\u0142prac\u0119 z rolnikami, gospodarstwami rolnymi oraz ma\u0142ymi gospodarstwami. Zapraszamy bran\u017ce zwi\u0105zane ze zwierz\u0119tami, kt\u00f3re s\u0105 zainteresowani wsp\u00f3\u0142prac\u0105 &#8230; <a title=\"Strona g\u0142\u00f3wna\" class=\"read-more\" href=\"https:\/\/gutsamen.eu\/pl\/\" aria-label=\"More on Strona g\u0142\u00f3wna\">Czytaj dalej<\/a><\/p>\n","protected":false},"author":1,"featured_media":0,"parent":0,"menu_order":0,"comment_status":"closed","ping_status":"open","template":"","meta":{"footnotes":""},"class_list":["post-1361","page","type-page","status-publish"],"_links":{"self":[{"href":"https:\/\/gutsamen.eu\/pl\/wp-json\/wp\/v2\/pages\/1361","targetHints":{"allow":["GET"]}}],"collection":[{"href":"https:\/\/gutsamen.eu\/pl\/wp-json\/wp\/v2\/pages"}],"about":[{"href":"https:\/\/gutsamen.eu\/pl\/wp-json\/wp\/v2\/types\/page"}],"author":[{"embeddable":true,"href":"https:\/\/gutsamen.eu\/pl\/wp-json\/wp\/v2\/users\/1"}],"replies":[{"embeddable":true,"href":"https:\/\/gutsamen.eu\/pl\/wp-json\/wp\/v2\/comments?post=1361"}],"version-history":[{"count":31,"href":"https:\/\/gutsamen.eu\/pl\/wp-json\/wp\/v2\/pages\/1361\/revisions"}],"predecessor-version":[{"id":1797,"href":"https:\/\/gutsamen.eu\/pl\/wp-json\/wp\/v2\/pages\/1361\/revisions\/1797"}],"wp:attachment":[{"href":"https:\/\/gutsamen.eu\/pl\/wp-json\/wp\/v2\/media?parent=1361"}],"curies":[{"name":"wp","href":"https:\/\/api.w.org\/{rel}","templated":true}]}}