{"id":1440,"date":"2023-05-26T11:38:04","date_gmt":"2023-05-26T09:38:04","guid":{"rendered":"https:\/\/gutsamen.eu\/grain-for-sale\/bio-hafer\/"},"modified":"2023-05-28T18:22:04","modified_gmt":"2023-05-28T16:22:04","slug":"bio-hafer","status":"publish","type":"product","link":"https:\/\/gutsamen.eu\/de\/product\/bio-hafer\/","title":{"rendered":"Bio-Hafer"},"content":{"rendered":"<p>Bio-Hafer, die perfekte Wahl f\u00fcr landwirtschaftliche Betriebe, Tierfutter und die Futtermittelproduktion. Mit gr\u00f6\u00dfter Sorgfalt angebaut und von der Natur gepflegt, ist unser Hafer der Inbegriff von Qualit\u00e4t und Nachhaltigkeit. Unser Hafer stammt von zertifizierten Biobetrieben und wird ohne sch\u00e4dliche Pestizide oder synthetische D\u00fcngemittel angebaut. Dadurch wird sichergestellt, dass jedes Getreide frei von chemischen R\u00fcckst\u00e4nden ist, was es zu einer sicheren und gesunden Wahl f\u00fcr Ihre Tiere und Ihren Viehbestand macht. Mit seinem reichhaltigen N\u00e4hrstoffprofil bietet unser Bio-Hafer eine ausgewogene und n\u00e4hrstoffreiche Ern\u00e4hrung f\u00fcr Ihre Tiere.<\/p>\n","protected":false},"excerpt":{"rendered":"<p>Der Preis f\u00fcr Bio-Hafer <strong>pro 1 Tonne!<\/strong><\/p>\n","protected":false},"featured_media":1806,"template":"","meta":[],"product_cat":[72],"product_tag":[],"class_list":["post-1440","product","type-product","status-publish","has-post-thumbnail","hentry","product_cat-bio-getreide","sales-flash-overlay","woocommerce-text-align-center","woocommerce-image-align-center","do-quantity-buttons"],"_links":{"self":[{"href":"https:\/\/gutsamen.eu\/de\/wp-json\/wp\/v2\/product\/1440","targetHints":{"allow":["GET"]}}],"collection":[{"href":"https:\/\/gutsamen.eu\/de\/wp-json\/wp\/v2\/product"}],"about":[{"href":"https:\/\/gutsamen.eu\/de\/wp-json\/wp\/v2\/types\/product"}],"wp:featuredmedia":[{"embeddable":true,"href":"https:\/\/gutsamen.eu\/de\/wp-json\/wp\/v2\/media\/1806"}],"wp:attachment":[{"href":"https:\/\/gutsamen.eu\/de\/wp-json\/wp\/v2\/media?parent=1440"}],"wp:term":[{"taxonomy":"product_cat","embeddable":true,"href":"https:\/\/gutsamen.eu\/de\/wp-json\/wp\/v2\/product_cat?post=1440"},{"taxonomy":"product_tag","embeddable":true,"href":"https:\/\/gutsamen.eu\/de\/wp-json\/wp\/v2\/product_tag?post=1440"}],"curies":[{"name":"wp","href":"https:\/\/api.w.org\/{rel}","templated":true}]}}